{"id":1117,"date":"2023-12-04T20:21:37","date_gmt":"2023-12-04T23:21:37","guid":{"rendered":"https:\/\/demosites.royal-elementor-addons.com\/dental-v1\/?page_id=20"},"modified":"2026-01-11T16:58:16","modified_gmt":"2026-01-11T19:58:16","slug":"nosotros","status":"publish","type":"page","link":"https:\/\/plantilla3.varinisoluciones.com.ar\/?page_id=1117","title":{"rendered":"Nosotros"},"content":{"rendered":"\t\t<div data-elementor-type=\"wp-page\" data-elementor-id=\"1117\" class=\"elementor elementor-1117\">\n\t\t\t\t<div class=\"elementor-element elementor-element-20d4a78 e-flex e-con-boxed wpr-particle-no wpr-jarallax-no wpr-parallax-no wpr-sticky-section-no e-con e-parent\" data-id=\"20d4a78\" data-element_type=\"container\" data-settings=\"{&quot;background_background&quot;:&quot;gradient&quot;,&quot;shape_divider_bottom&quot;:&quot;waves&quot;}\">\n\t\t\t\t\t<div class=\"e-con-inner\">\n\t\t\t\t<div class=\"elementor-shape elementor-shape-bottom\" aria-hidden=\"true\" data-negative=\"false\">\n\t\t\t<svg xmlns=\"http:\/\/www.w3.org\/2000\/svg\" viewBox=\"0 0 1000 100\" preserveAspectRatio=\"none\">\n\t<path class=\"elementor-shape-fill\" d=\"M421.9,6.5c22.6-2.5,51.5,0.4,75.5,5.3c23.6,4.9,70.9,23.5,100.5,35.7c75.8,32.2,133.7,44.5,192.6,49.7\n\tc23.6,2.1,48.7,3.5,103.4-2.5c54.7-6,106.2-25.6,106.2-25.6V0H0v30.3c0,0,72,32.6,158.4,30.5c39.2-0.7,92.8-6.7,134-22.4\n\tc21.2-8.1,52.2-18.2,79.7-24.2C399.3,7.9,411.6,7.5,421.9,6.5z\"\/>\n<\/svg>\t\t<\/div>\n\t\t<div class=\"elementor-element elementor-element-a1bb5cb e-flex e-con-boxed wpr-particle-no wpr-jarallax-no wpr-parallax-no wpr-sticky-section-no e-con e-child\" data-id=\"a1bb5cb\" data-element_type=\"container\">\n\t\t\t\t\t<div class=\"e-con-inner\">\n\t\t\t\t<div class=\"elementor-element elementor-element-aa73ae5 elementor-widget elementor-widget-heading\" data-id=\"aa73ae5\" data-element_type=\"widget\" data-widget_type=\"heading.default\">\n\t\t\t\t\t<h2 class=\"elementor-heading-title elementor-size-default\">Nosotros<\/h2>\t\t\t\t<\/div>\n\t\t\t\t\t<\/div>\n\t\t\t\t<\/div>\n\t\t\t\t\t<\/div>\n\t\t\t\t<\/div>\n\t\t<div class=\"elementor-element elementor-element-b3f8a2d e-flex e-con-boxed wpr-particle-no wpr-jarallax-no wpr-parallax-no wpr-sticky-section-no e-con e-parent\" data-id=\"b3f8a2d\" data-element_type=\"container\">\n\t\t\t\t\t<div class=\"e-con-inner\">\n\t\t<div class=\"elementor-element elementor-element-7b9620e e-con-full elementor-hidden-tablet e-flex wpr-particle-no wpr-jarallax-no wpr-parallax-no wpr-sticky-section-no e-con e-child\" data-id=\"7b9620e\" data-element_type=\"container\">\n\t\t\t\t<div class=\"elementor-element elementor-element-69de914 elementor-invisible elementor-widget elementor-widget-image\" data-id=\"69de914\" data-element_type=\"widget\" data-settings=\"{&quot;_animation&quot;:&quot;slideInLeft&quot;}\" data-widget_type=\"image.default\">\n\t\t\t\t\t\t\t\t\t\t\t\t\t\t\t<img fetchpriority=\"high\" decoding=\"async\" width=\"768\" height=\"806\" src=\"https:\/\/plantilla3.varinisoluciones.com.ar\/wp-content\/uploads\/2023\/12\/pic-14.jpg\" class=\"attachment-full size-full wp-image-687\" alt=\"\" \/>\t\t\t\t\t\t\t\t\t\t\t\t\t\t\t<\/div>\n\t\t\t\t<\/div>\n\t\t<div class=\"elementor-element elementor-element-8443492 e-flex e-con-boxed wpr-particle-no wpr-jarallax-no wpr-parallax-no wpr-sticky-section-no elementor-invisible e-con e-child\" data-id=\"8443492\" data-element_type=\"container\" data-settings=\"{&quot;animation&quot;:&quot;slideInRight&quot;}\">\n\t\t\t\t\t<div class=\"e-con-inner\">\n\t\t\t\t<div class=\"elementor-element elementor-element-5d07216 elementor-widget elementor-widget-heading\" data-id=\"5d07216\" data-element_type=\"widget\" data-widget_type=\"heading.default\">\n\t\t\t\t\t<h2 class=\"elementor-heading-title elementor-size-default\">Brindamos atenci\u00f3n dental de primer nivel en cada visita<\/h2>\t\t\t\t<\/div>\n\t\t\t\t<div class=\"elementor-element elementor-element-95cc209 elementor-widget elementor-widget-text-editor\" data-id=\"95cc209\" data-element_type=\"widget\" data-widget_type=\"text-editor.default\">\n\t\t\t\t\t\t\t\t\t<p>Creemos que cada sonrisa merece un cuidado excepcional. Por eso, <strong>brindamos atenci\u00f3n dental de primer nivel en cada visita<\/strong>, combinando experiencia profesional, tecnolog\u00eda moderna y un trato humano que marca la diferencia. Nuestro compromiso no es solo con la salud bucal, sino tambi\u00e9n con el bienestar integral de cada paciente que nos elige.<\/p><p>Sabemos que acudir al dentista puede generar dudas o incluso temor, y por eso nos enfocamos en crear un ambiente c\u00e1lido y seguro, donde cada persona se sienta escuchada y acompa\u00f1ada. Desde la primera consulta, nos tomamos el tiempo para explicar cada procedimiento con claridad, responder preguntas y dise\u00f1ar un plan de tratamiento personalizado que se adapte a tus necesidades.<\/p><p>Contamos con un equipo altamente capacitado en distintas especialidades odontol\u00f3gicas: prevenci\u00f3n, est\u00e9tica, ortodoncia, implantolog\u00eda y rehabilitaci\u00f3n oral. Esto nos permite ofrecer soluciones completas, desde un simple control de rutina hasta tratamientos avanzados que transforman sonrisas y mejoran la calidad de vida.<\/p>\t\t\t\t\t\t\t\t<\/div>\n\t\t\t\t<div class=\"elementor-element elementor-element-57cf3c4 elementor-icon-list--layout-traditional elementor-list-item-link-full_width elementor-widget elementor-widget-icon-list\" data-id=\"57cf3c4\" data-element_type=\"widget\" data-widget_type=\"icon-list.default\">\n\t\t\t\t\t\t\t<ul class=\"elementor-icon-list-items\">\n\t\t\t\t\t\t\t<li class=\"elementor-icon-list-item\">\n\t\t\t\t\t\t\t\t\t\t\t<span class=\"elementor-icon-list-icon\">\n\t\t\t\t\t\t\t<svg aria-hidden=\"true\" class=\"e-font-icon-svg e-fas-check\" viewBox=\"0 0 512 512\" xmlns=\"http:\/\/www.w3.org\/2000\/svg\"><path d=\"M173.898 439.404l-166.4-166.4c-9.997-9.997-9.997-26.206 0-36.204l36.203-36.204c9.997-9.998 26.207-9.998 36.204 0L192 312.69 432.095 72.596c9.997-9.997 26.207-9.997 36.204 0l36.203 36.204c9.997 9.997 9.997 26.206 0 36.204l-294.4 294.401c-9.998 9.997-26.207 9.997-36.204-.001z\"><\/path><\/svg>\t\t\t\t\t\t<\/span>\n\t\t\t\t\t\t\t\t\t\t<span class=\"elementor-icon-list-text\">Comunicaci\u00f3n clara de los costos del tratamiento y arreglos financieros para evitar sorpresas.<\/span>\n\t\t\t\t\t\t\t\t\t<\/li>\n\t\t\t\t\t\t\t\t<li class=\"elementor-icon-list-item\">\n\t\t\t\t\t\t\t\t\t\t\t<span class=\"elementor-icon-list-icon\">\n\t\t\t\t\t\t\t<svg aria-hidden=\"true\" class=\"e-font-icon-svg e-fas-check\" viewBox=\"0 0 512 512\" xmlns=\"http:\/\/www.w3.org\/2000\/svg\"><path d=\"M173.898 439.404l-166.4-166.4c-9.997-9.997-9.997-26.206 0-36.204l36.203-36.204c9.997-9.998 26.207-9.998 36.204 0L192 312.69 432.095 72.596c9.997-9.997 26.207-9.997 36.204 0l36.203 36.204c9.997 9.997 9.997 26.206 0 36.204l-294.4 294.401c-9.998 9.997-26.207 9.997-36.204-.001z\"><\/path><\/svg>\t\t\t\t\t\t<\/span>\n\t\t\t\t\t\t\t\t\t\t<span class=\"elementor-icon-list-text\">Servicios enfocados en pediatr\u00eda y un ambiente acogedor para pacientes j\u00f3venes.<\/span>\n\t\t\t\t\t\t\t\t\t<\/li>\n\t\t\t\t\t\t\t\t<li class=\"elementor-icon-list-item\">\n\t\t\t\t\t\t\t\t\t\t\t<span class=\"elementor-icon-list-icon\">\n\t\t\t\t\t\t\t<svg aria-hidden=\"true\" class=\"e-font-icon-svg e-fas-check\" viewBox=\"0 0 512 512\" xmlns=\"http:\/\/www.w3.org\/2000\/svg\"><path d=\"M173.898 439.404l-166.4-166.4c-9.997-9.997-9.997-26.206 0-36.204l36.203-36.204c9.997-9.998 26.207-9.998 36.204 0L192 312.69 432.095 72.596c9.997-9.997 26.207-9.997 36.204 0l36.203 36.204c9.997 9.997 9.997 26.206 0 36.204l-294.4 294.401c-9.998 9.997-26.207 9.997-36.204-.001z\"><\/path><\/svg>\t\t\t\t\t\t<\/span>\n\t\t\t\t\t\t\t\t\t\t<span class=\"elementor-icon-list-text\">Personal de recepci\u00f3n cort\u00e9s y servicial, asistentes dentales e higienistas para crear una experiencia positiva para el paciente.<\/span>\n\t\t\t\t\t\t\t\t\t<\/li>\n\t\t\t\t\t\t<\/ul>\n\t\t\t\t\t\t<\/div>\n\t\t\t\t\t<\/div>\n\t\t\t\t<\/div>\n\t\t\t\t\t<\/div>\n\t\t\t\t<\/div>\n\t\t<div class=\"elementor-element elementor-element-150b149 e-con-full e-flex wpr-particle-no wpr-jarallax-no wpr-parallax-no wpr-sticky-section-no e-con e-parent\" data-id=\"150b149\" data-element_type=\"container\">\n\t\t\t\t<div class=\"elementor-element elementor-element-9411316 elementor-invisible elementor-widget elementor-widget-wpr-team-member\" data-id=\"9411316\" data-element_type=\"widget\" data-settings=\"{&quot;_animation&quot;:&quot;zoomIn&quot;,&quot;_animation_delay&quot;:200}\" data-widget_type=\"wpr-team-member.default\">\n\t\t\t\t\t\n\t<div class=\"wpr-team-member\">\n\t\t\t\t\t\n\t\t\t<div class=\"wpr-member-media\">\n\t\t\t\t<div class=\"wpr-member-image\">\n\t\t\t\t\t<img decoding=\"async\" src=\"https:\/\/plantilla3.varinisoluciones.com.ar\/wp-content\/uploads\/2023\/12\/Team-2.jpg\" alt=\"Luciano Gonzalez\">\n\t\t\t\t<\/div>\n\t\t\t\t\t\t\t<\/div>\n\t\t\t\t\n\t\t\n\t\t<div class=\"wpr-member-content\">\n\t\t\t<h3 class=\"wpr-member-name\">Luciano Gonzalez<\/h3>\n\t\t\t\n\t\t\t\t\t\t\t<div class=\"wpr-member-job\">Implantes<\/div>\n\t\t\t\n\t\t\t\n\t\t\t\t\t\t\n\t\t\t\t\t<\/div>\n\n\t\t\t<\/div>\n\n\t\t\t\t\t<\/div>\n\t\t\t\t<div class=\"elementor-element elementor-element-bdc9041 elementor-invisible elementor-widget elementor-widget-wpr-team-member\" data-id=\"bdc9041\" data-element_type=\"widget\" data-settings=\"{&quot;_animation&quot;:&quot;zoomIn&quot;,&quot;_animation_delay&quot;:200}\" data-widget_type=\"wpr-team-member.default\">\n\t\t\t\t\t\n\t<div class=\"wpr-team-member\">\n\t\t\t\t\t\n\t\t\t<div class=\"wpr-member-media\">\n\t\t\t\t<div class=\"wpr-member-image\">\n\t\t\t\t\t<img decoding=\"async\" src=\"https:\/\/plantilla3.varinisoluciones.com.ar\/wp-content\/uploads\/2023\/12\/Team-4.jpg\" alt=\"Martina Fischer\">\n\t\t\t\t<\/div>\n\t\t\t\t\t\t\t<\/div>\n\t\t\t\t\n\t\t\n\t\t<div class=\"wpr-member-content\">\n\t\t\t<h3 class=\"wpr-member-name\">Martina Fischer<\/h3>\n\t\t\t\n\t\t\t\t\t\t\t<div class=\"wpr-member-job\">Endodoncia<\/div>\n\t\t\t\n\t\t\t\n\t\t\t\t\t\t\n\t\t\t\t\t<\/div>\n\n\t\t\t<\/div>\n\n\t\t\t\t\t<\/div>\n\t\t\t\t<div class=\"elementor-element elementor-element-7902011 elementor-invisible elementor-widget elementor-widget-wpr-team-member\" data-id=\"7902011\" data-element_type=\"widget\" data-settings=\"{&quot;_animation&quot;:&quot;zoomIn&quot;,&quot;_animation_delay&quot;:200}\" data-widget_type=\"wpr-team-member.default\">\n\t\t\t\t\t\n\t<div class=\"wpr-team-member\">\n\t\t\t\t\t\n\t\t\t<div class=\"wpr-member-media\">\n\t\t\t\t<div class=\"wpr-member-image\">\n\t\t\t\t\t<img decoding=\"async\" src=\"https:\/\/plantilla3.varinisoluciones.com.ar\/wp-content\/uploads\/2023\/12\/Team-3.jpg\" alt=\"Elena Nowak\">\n\t\t\t\t<\/div>\n\t\t\t\t\t\t\t<\/div>\n\t\t\t\t\n\t\t\n\t\t<div class=\"wpr-member-content\">\n\t\t\t<h3 class=\"wpr-member-name\">Elena Nowak<\/h3>\n\t\t\t\n\t\t\t\t\t\t\t<div class=\"wpr-member-job\">Dentista general<\/div>\n\t\t\t\n\t\t\t\n\t\t\t\t\t\t\n\t\t\t\t\t<\/div>\n\n\t\t\t<\/div>\n\n\t\t\t\t\t<\/div>\n\t\t\t\t<div class=\"elementor-element elementor-element-ddca02e elementor-invisible elementor-widget elementor-widget-wpr-team-member\" data-id=\"ddca02e\" data-element_type=\"widget\" data-settings=\"{&quot;_animation&quot;:&quot;zoomIn&quot;,&quot;_animation_delay&quot;:200}\" data-widget_type=\"wpr-team-member.default\">\n\t\t\t\t\t\n\t<div class=\"wpr-team-member\">\n\t\t\t\t\t\n\t\t\t<div class=\"wpr-member-media\">\n\t\t\t\t<div class=\"wpr-member-image\">\n\t\t\t\t\t<img decoding=\"async\" src=\"https:\/\/plantilla3.varinisoluciones.com.ar\/wp-content\/uploads\/2023\/12\/Team-5.jpg\" alt=\"Gast\u00f3n Dubois\">\n\t\t\t\t<\/div>\n\t\t\t\t\t\t\t<\/div>\n\t\t\t\t\n\t\t\n\t\t<div class=\"wpr-member-content\">\n\t\t\t<h3 class=\"wpr-member-name\">Gast\u00f3n Dubois<\/h3>\n\t\t\t\n\t\t\t\t\t\t\t<div class=\"wpr-member-job\">Dentista general<\/div>\n\t\t\t\n\t\t\t\n\t\t\t\t\t\t\n\t\t\t\t\t<\/div>\n\n\t\t\t<\/div>\n\n\t\t\t\t\t<\/div>\n\t\t\t\t<\/div>\n\t\t<div class=\"elementor-element elementor-element-3f04e77 e-flex e-con-boxed wpr-particle-no wpr-jarallax-no wpr-parallax-no wpr-sticky-section-no e-con e-parent\" data-id=\"3f04e77\" data-element_type=\"container\">\n\t\t\t\t\t<div class=\"e-con-inner\">\n\t\t<div class=\"elementor-element elementor-element-cff4900 e-flex e-con-boxed wpr-particle-no wpr-jarallax-no wpr-parallax-no wpr-sticky-section-no elementor-invisible e-con e-child\" data-id=\"cff4900\" data-element_type=\"container\" data-settings=\"{&quot;animation&quot;:&quot;slideInUp&quot;}\">\n\t\t\t\t\t<div class=\"e-con-inner\">\n\t\t\t\t<div class=\"elementor-element elementor-element-85889e0 elementor-widget elementor-widget-heading\" data-id=\"85889e0\" data-element_type=\"widget\" data-widget_type=\"heading.default\">\n\t\t\t\t\t<h2 class=\"elementor-heading-title elementor-size-default\">Nuestros horarios<\/h2>\t\t\t\t<\/div>\n\t\t\t\t<div class=\"elementor-element elementor-element-86d95e3 elementor-widget elementor-widget-wpr-business-hours\" data-id=\"86d95e3\" data-element_type=\"widget\" data-widget_type=\"wpr-business-hours.default\">\n\t\t\t\t\t\n\t\t<div class=\"wpr-business-hours\">\n\n\t\t\t\t\t\t\t\n\t\t\t\t<div class=\"wpr-business-hours-item elementor-repeater-item-d56f599\">\n\n\t\t\t\t\t\t\n\t\t\t\t\t<span class=\"wpr-business-day\">\n\t\t\t\t\t\t\t\t\t\t\t\tLunes-Viernes\t\t\t\t\t<\/span>\n\t\t\t\t\t\n\t\t\t\t\t\t\n\t\t\t\t\t<span class=\"wpr-business-time\">09:00 AM - 08:00 PM<\/span>\n\t\t\t\t\t\n\t\t\t\t<\/div>\n\n\t\t\t\t\t\t\t\t\n\t\t\t\t<div class=\"wpr-business-hours-item elementor-repeater-item-609ceb6\">\n\n\t\t\t\t\t\t\n\t\t\t\t\t<span class=\"wpr-business-day\">\n\t\t\t\t\t\t\t\t\t\t\t\tS\u00e1bados\t\t\t\t\t<\/span>\n\t\t\t\t\t\n\t\t\t\t\t\t\n\t\t\t\t\t<span class=\"wpr-business-time\">08:00 AM - 01:00 PM<\/span>\n\t\t\t\t\t\n\t\t\t\t<\/div>\n\n\t\t\t\t\n\t\t<\/div>\n\t\t\t\t\t\t<\/div>\n\t\t\t\t\t<\/div>\n\t\t\t\t<\/div>\n\t\t\t\t\t<\/div>\n\t\t\t\t<\/div>\n\t\t\t\t<\/div>\n\t\t","protected":false},"excerpt":{"rendered":"<p>Nosotros Brindamos atenci\u00f3n dental de primer nivel en cada visita Creemos que cada sonrisa merece un cuidado excepcional. Por eso, brindamos atenci\u00f3n dental de primer nivel en cada visita, combinando experiencia profesional, tecnolog\u00eda moderna y un trato humano que marca la diferencia. Nuestro compromiso no es solo con la salud bucal, sino tambi\u00e9n con el bienestar integral de cada paciente que nos elige. Sabemos que acudir al dentista puede generar dudas o incluso temor, y por eso nos enfocamos en crear un ambiente c\u00e1lido y seguro, donde cada persona se sienta escuchada y acompa\u00f1ada. Desde la primera consulta, nos tomamos el tiempo para explicar cada procedimiento con claridad, responder preguntas y dise\u00f1ar un plan de tratamiento personalizado que se adapte a tus necesidades. Contamos con un equipo altamente capacitado en distintas especialidades odontol\u00f3gicas: prevenci\u00f3n, est\u00e9tica, ortodoncia, implantolog\u00eda y rehabilitaci\u00f3n oral. Esto nos permite ofrecer soluciones completas, desde un simple control de rutina hasta tratamientos avanzados que transforman sonrisas y mejoran la calidad de vida. Comunicaci\u00f3n clara de los costos del tratamiento y arreglos financieros para evitar sorpresas. Servicios enfocados en pediatr\u00eda y un ambiente acogedor para pacientes j\u00f3venes. Personal de recepci\u00f3n cort\u00e9s y servicial, asistentes dentales e higienistas para crear una experiencia positiva para el paciente. Luciano Gonzalez Implantes Martina Fischer Endodoncia Elena Nowak Dentista general Gast\u00f3n Dubois Dentista general Nuestros horarios Lunes-Viernes 09:00 AM &#8211; 08:00 PM S\u00e1bados 08:00 AM &#8211; 01:00 PM<\/p>\n","protected":false},"author":1,"featured_media":0,"parent":0,"menu_order":0,"comment_status":"closed","ping_status":"closed","template":"elementor_canvas","meta":{"_joinchat":[],"footnotes":""},"class_list":["post-1117","page","type-page","status-publish","hentry"],"_links":{"self":[{"href":"https:\/\/plantilla3.varinisoluciones.com.ar\/index.php?rest_route=\/wp\/v2\/pages\/1117","targetHints":{"allow":["GET"]}}],"collection":[{"href":"https:\/\/plantilla3.varinisoluciones.com.ar\/index.php?rest_route=\/wp\/v2\/pages"}],"about":[{"href":"https:\/\/plantilla3.varinisoluciones.com.ar\/index.php?rest_route=\/wp\/v2\/types\/page"}],"author":[{"embeddable":true,"href":"https:\/\/plantilla3.varinisoluciones.com.ar\/index.php?rest_route=\/wp\/v2\/users\/1"}],"replies":[{"embeddable":true,"href":"https:\/\/plantilla3.varinisoluciones.com.ar\/index.php?rest_route=%2Fwp%2Fv2%2Fcomments&post=1117"}],"version-history":[{"count":7,"href":"https:\/\/plantilla3.varinisoluciones.com.ar\/index.php?rest_route=\/wp\/v2\/pages\/1117\/revisions"}],"predecessor-version":[{"id":1363,"href":"https:\/\/plantilla3.varinisoluciones.com.ar\/index.php?rest_route=\/wp\/v2\/pages\/1117\/revisions\/1363"}],"wp:attachment":[{"href":"https:\/\/plantilla3.varinisoluciones.com.ar\/index.php?rest_route=%2Fwp%2Fv2%2Fmedia&parent=1117"}],"curies":[{"name":"wp","href":"https:\/\/api.w.org\/{rel}","templated":true}]}}